{"id":57,"date":"2013-06-11T00:38:31","date_gmt":"2013-06-10T22:38:31","guid":{"rendered":"http:\/\/stowplm.pl\/?page_id=57"},"modified":"2017-11-26T02:22:51","modified_gmt":"2017-11-26T01:22:51","slug":"historia","status":"publish","type":"page","link":"http:\/\/stowplm.pl\/?page_id=57","title":{"rendered":"HISTORIA"},"content":{"rendered":"<p dir=\"ltr\" style=\"text-align: justify;\">Stowarzyszenie Absolwent\u00f3w i Sympatyk\u00f3w Liceum Muzycznego w Katowicach jest samorz\u0105dn\u0105 organizacj\u0105 spo\u0142eczn\u0105 o charakterze integruj\u0105cym absolwent\u00f3w i sympatyk\u00f3w Szko\u0142y oraz promuj\u0105cym i wspomagaj\u0105cym jej dzia\u0142alno\u015b\u0107.<\/p>\n<p dir=\"ltr\" style=\"text-align: justify;\">Powsta\u0142o\u00a030 maja 1998 r. z inicjatywy absolwentki, Teresy Mastalerz, przy wsparciu \u00f3wczesnego dyrektora, Jerzego Sieczki. Powo\u0142ane zosta\u0142o na zje\u017adzie absolwent\u00f3w, kt\u00f3ry odby\u0142 si\u0119 przy okazji jubileuszu 60-lecia istnienia Szko\u0142y. Wtedy to a\u017c 120 absolwent\u00f3w i\u00a0sympatyk\u00f3w wpisa\u0142o si\u0119 na list\u0119 os\u00f3b zainteresowanych powstaniem takiej organizacji. W\u00a0nazwie Stowarzyszenia celowo nie umieszczono oficjalnej nazwy plac\u00f3wki \u2013 Pa\u0144stwowa Og\u00f3lnokszta\u0142c\u0105ca Szko\u0142a Muzyczna II st. im. Karola Szymanowskiego w\u00a0Katowicach. Zabieg ten spowodowany by\u0142 nie tylko wzgl\u0119dami praktycznymi (d\u0142ugo\u015b\u0107 nazwy), ale r\u00f3wnie\u017c faktem, \u017ce nazwa Szko\u0142y zmieniana by\u0142a kilkakrotnie, a\u00a0w\u0142a\u015bnie miano \u201eLiceum Muzyczne\u201d utrwali\u0142o si\u0119 w\u00a0\u015bwiadomo\u015bci spo\u0142ecznej. Sami absolwenci tak nazywaj\u0105 swoj\u0105 Szko\u0142\u0119, dlatego uznano, \u017ce u\u017cycie tych w\u0142a\u015bnie s\u0142\u00f3w b\u0119dzie w\u00a0jakim\u015b wzgl\u0119dzie wyrazem serdeczno\u015bci.<\/p>\n<p dir=\"ltr\" style=\"text-align: justify;\">Na pierwszym zebraniu, w listopadzie 1998 r. wybrano zarz\u0105d, kt\u00f3ry tworzy\u0142y: Teresa Mastalerz, jako przewodnicz\u0105ca oraz cz\u0142onkowie \u2013 Maria Zegalska i Irena Le\u015bniak. Niestety, w nast\u0119pnych latach zabrak\u0142o woli do aktywnej dzia\u0142alno\u015bci. Stowarzyszenie zamilk\u0142o na niemal dekad\u0119. Reaktywowano je ponownie w 2007 r., zn\u00f3w dzi\u0119ki staraniom Teresy Mastalerz i \u017cyczliwo\u015bci \u00f3wczesnego dyrektora, Stanis\u0142awa Maliszewskiego.<\/p>\n<p dir=\"ltr\" style=\"text-align: justify;\">Na walnym zebraniu cz\u0142onk\u00f3w, 6 wrze\u015bnia 2007 r., podj\u0119to uchwa\u0142\u0119 o woli dalszego dzia\u0142ania, uchwalono statut oraz wybrano w\u0142adze w sk\u0142adzie: Aleksandra Maciejczyk \u2013 prezes, Bernadeta Sta\u0144czyk \u2013 wiceprezes, Piotr Krym \u2013 sekretarz, Irena Dorda \u2013 skarbnik, Franciszek Wieczorek \u2013 cz\u0142onek zarz\u0105du. W roku 2008 zarz\u0105d reprezentowany przez prezesa i\u00a0sekretarza, uporz\u0105dkowa\u0142 status prawny Stowarzyszenia, doprowadzaj\u0105c do jego rejestracji w\u00a0Krajowym Rejestrze S\u0105dowym. Umo\u017cliwi\u0142o to m.in. za\u0142o\u017cenie rachunku bankowego organizacji.<\/p>\n<p dir=\"ltr\" style=\"text-align: justify;\">27 marca 2012 r. na walnym zebraniu sprawozdawczo-wyborczym zosta\u0142 wybrany nowy zarz\u0105d. Tworzyli go: Bernadeta Sta\u0144czyk \u2013 prezes, Aleksandra \u017bem\u0142a \u2013 wiceprezes, Ma\u0142gorzata Komorowska \u2013 sekretarz, Aleksandra Maciejczyk \u2013 skarbnik, Marek Ciepierski \u2013 cz\u0142onek zarz\u0105du. W tym samym roku Bernadeta Sta\u0144czyk obj\u0119\u0142a stanowisko dyrektora ZPSM i postanowi\u0142a zrezygnowa\u0107 z\u00a0funkcji prezesa Stowarzyszenia. 30\u00a0sierpnia 2012\u00a0r. nowym prezesem zosta\u0142a Ewa Miko\u0142ajczyk, kt\u00f3ra pe\u0142ni t\u0119 funkcj\u0119 do dzi\u015b. Sk\u0142ad personalny reszty zarz\u0105du nie uleg\u0142 zmianie.<\/p>\n<p dir=\"ltr\" style=\"text-align: justify;\">Aktywno\u015b\u0107 organizacji jest \u015bci\u015ble zwi\u0105zana z POSM II st. w Katowicach i ma na celu wspomaganie Szko\u0142y w zakresie jej dzia\u0142alno\u015bci statutowej. Jako podmiot o osobowo\u015bci prawnej (w przeciwie\u0144stwie do samej plac\u00f3wki) Stowarzyszenie mo\u017ce wyst\u0119powa\u0107 do organizacji politycznych i administracyjnych wszystkich szczebli o fundusze, a\u00a0tak\u017ce podejmowa\u0107 inne dzia\u0142ania maj\u0105ce na celu pozyskanie \u015brodk\u00f3w finansowych. \u015arodki te nast\u0119pnie przeznaczane s\u0105 na szeroko rozumiane potrzeby Szko\u0142y. W ten spos\u00f3b Stowarzyszenie wspiera finansowo i organizacyjnie m.in. wszelkie dzia\u0142ania na rzecz plac\u00f3wki, zmierzaj\u0105ce do podniesienia standardu jej wyposa\u017cenia. Jedn\u0105 z najwi\u0119kszych tego typu inicjatyw po reaktywowaniu Stowarzyszenia w roku 2007, by\u0142a nadzwyczajna akcja \u201eKup klawisz\u201d, s\u0142u\u017c\u0105ca pomocy w\u00a0zakupie fortepianu koncertowego dla Szko\u0142y. Innym sposobem wykorzystania pozyskanych \u015brodk\u00f3w jest finansowanie tzw. \u201enagr\u00f3d celowych\u201d, stanowi\u0105cych pomoc dla szczeg\u00f3lnie uzdolnionych uczni\u00f3w, a tak\u017ce nagr\u00f3d dla laureat\u00f3w konkurs\u00f3w szkolnych. Stowarzyszenie wsp\u00f3\u0142organizuje warsztaty, koncerty i inne imprezy z udzia\u0142em uczni\u00f3w, pedagog\u00f3w oraz cz\u0142onk\u00f3w spo\u0142eczno\u015bci lokalnej. Przyczynia si\u0119 do upowszechniania wiedzy o historii samej Szko\u0142y, jak i na temat zwi\u0105zanych z\u00a0ni\u0105, zas\u0142u\u017conych os\u00f3b, a tak\u017ce promowania osi\u0105gni\u0119\u0107 Szko\u0142y poprzez \u015brodki masowego przekazu. Patronuje nagrodzie im. Ireny Rymerowej, przyznawanej corocznie dla ucznia o najlepszych wynikach z przedmiot\u00f3w humanistycznych.<\/p>\n<p dir=\"ltr\" style=\"text-align: justify;\">Wszyscy cz\u0142onkowie Stowarzyszenia Absolwent\u00f3w i Sympatyk\u00f3w Liceum Muzycznego w Katowicach to wolontariusze, kt\u00f3rzy sw\u0105 aktywno\u015b\u0107 i zaanga\u017cowanie skupiaj\u0105 na integracji \u015brodowiska szkolnego w dzia\u0142aniach na rzecz uczni\u00f3w, pracownik\u00f3w i absolwent\u00f3w.<\/p>\n","protected":false},"excerpt":{"rendered":"<p>Stowarzyszenie Absolwent\u00f3w i Sympatyk\u00f3w Liceum Muzycznego w Katowicach jest samorz\u0105dn\u0105 organizacj\u0105 spo\u0142eczn\u0105 o charakterze integruj\u0105cym absolwent\u00f3w i sympatyk\u00f3w Szko\u0142y oraz promuj\u0105cym i wspomagaj\u0105cym jej dzia\u0142alno\u015b\u0107. Powsta\u0142o\u00a030 maja 1998 r. z inicjatywy absolwentki, Teresy Mastalerz, przy wsparciu \u00f3wczesnego dyrektora, Jerzego Sieczki. Powo\u0142ane zosta\u0142o na zje\u017adzie absolwent\u00f3w, kt\u00f3ry odby\u0142 si\u0119 przy okazji jubileuszu 60-lecia istnienia Szko\u0142y. Wtedy &hellip; <\/p>\n<p class=\"link-more\"><a href=\"http:\/\/stowplm.pl\/?page_id=57\" class=\"more-link\">Czytaj dalej<span class=\"screen-reader-text\"> \u201eHISTORIA\u201d<\/span><\/a><\/p>\n","protected":false},"author":1,"featured_media":0,"parent":0,"menu_order":0,"comment_status":"closed","ping_status":"closed","template":"","meta":{"footnotes":""},"class_list":["post-57","page","type-page","status-publish","hentry"],"_links":{"self":[{"href":"http:\/\/stowplm.pl\/index.php?rest_route=\/wp\/v2\/pages\/57","targetHints":{"allow":["GET"]}}],"collection":[{"href":"http:\/\/stowplm.pl\/index.php?rest_route=\/wp\/v2\/pages"}],"about":[{"href":"http:\/\/stowplm.pl\/index.php?rest_route=\/wp\/v2\/types\/page"}],"author":[{"embeddable":true,"href":"http:\/\/stowplm.pl\/index.php?rest_route=\/wp\/v2\/users\/1"}],"replies":[{"embeddable":true,"href":"http:\/\/stowplm.pl\/index.php?rest_route=%2Fwp%2Fv2%2Fcomments&post=57"}],"version-history":[{"count":9,"href":"http:\/\/stowplm.pl\/index.php?rest_route=\/wp\/v2\/pages\/57\/revisions"}],"predecessor-version":[{"id":346,"href":"http:\/\/stowplm.pl\/index.php?rest_route=\/wp\/v2\/pages\/57\/revisions\/346"}],"wp:attachment":[{"href":"http:\/\/stowplm.pl\/index.php?rest_route=%2Fwp%2Fv2%2Fmedia&parent=57"}],"curies":[{"name":"wp","href":"https:\/\/api.w.org\/{rel}","templated":true}]}}