{"id":373,"date":"2017-11-26T03:46:16","date_gmt":"2017-11-26T02:46:16","guid":{"rendered":"http:\/\/stowplm.pl\/?page_id=373"},"modified":"2018-03-21T21:20:47","modified_gmt":"2018-03-21T20:20:47","slug":"373-2","status":"publish","type":"page","link":"http:\/\/stowplm.pl\/?page_id=373","title":{"rendered":"JUBILEUSZ 80-lecia"},"content":{"rendered":"<table style=\"width: 787.867px; height: 425px;\">\n<tbody>\n<tr style=\"height: 117px;\">\n<td style=\"width: 117px; height: 117px;\"><img loading=\"lazy\" decoding=\"async\" class=\"wp-image-371 aligncenter\" src=\"http:\/\/stowplm.pl\/wp-content\/uploads\/2017\/11\/image1-150x150.jpeg\" alt=\"\" width=\"134\" height=\"134\" srcset=\"http:\/\/stowplm.pl\/wp-content\/uploads\/2017\/11\/image1-150x150.jpeg 150w, http:\/\/stowplm.pl\/wp-content\/uploads\/2017\/11\/image1-100x100.jpeg 100w\" sizes=\"auto, (max-width: 134px) 100vw, 134px\" \/><\/td>\n<td style=\"width: 651.867px; height: 117px;\">\n<p class=\"western\"><span style=\"font-size: large;\"><b>Pa\u0144stwowa Og\u00f3lnokszta\u0142c\u0105ca Szko\u0142a Muzyczna II stopnia<br \/>\n<\/b><\/span><span style=\"font-size: large;\"><b>im. Karola Szymanowskiego w Katowicach<\/b><\/span><\/p>\n<\/td>\n<\/tr>\n<tr style=\"height: 103.15px;\">\n<td style=\"width: 768.867px; height: 103.15px;\" colspan=\"2\">\n<p class=\"western\" align=\"justify\">Dyrektor, Rada Pedagogiczna oraz Stowarzyszenie Absolwent\u00f3w i Sympatyk\u00f3w Liceum Muzycznego w\u00a0Katowicach wraz z ca\u0142\u0105 spo\u0142eczno\u015bci\u0105 szkoln\u0105 serdecznie zapraszaj\u0105 na uroczysto\u015bci odbywaj\u0105ce si\u0119 w\u00a0<b>sobot\u0119,<\/b> <b>20\u00a0stycznia 2018 r<\/b>., w\u00a0kt\u00f3rym to dniu obchodzi\u0107 b\u0119dziemy <b>Jubileusz 80-lecia Naszej Szko\u0142y<\/b>.<br \/>\n<u>Program obchod\u00f3w:<\/u><\/p>\n<\/td>\n<\/tr>\n<tr style=\"height: 53px;\">\n<td style=\"width: 117px; height: 53px; vertical-align: top;\">\n<p class=\"western\" style=\"text-align: right;\">godz. 14.00<\/p>\n<\/td>\n<td style=\"width: 651.867px; height: 53px;\"><strong>Nabo\u017ce\u0144stwo z po\u015bwi\u0119ceniem nowego sztandaru Szko\u0142y<\/strong><br \/>\n<em>Ko\u015bci\u00f3\u0142 pw. Matki Boskiej Piekarskiej, Katowice, ul. U\u0142a\u0144ska 13<\/em><\/td>\n<\/tr>\n<tr style=\"height: 11px;\">\n<td style=\"width: 117px; height: 11px; text-align: right; vertical-align: top;\">godz. 15.00<\/td>\n<td style=\"width: 651.867px; height: 11px;\">\n<p class=\"western\"><b>Spotkanie absolwent\u00f3w, pracownik\u00f3w i przyjaci\u00f3\u0142 Szko\u0142y<br \/>\n<\/b><b> <\/b><i>Siedziba<\/i><i><b> <\/b><\/i><i>POSM II st. im. Karola Szymanowskiego w Katowicach, ul. U\u0142a\u0144ska 7b<\/i><\/p>\n<\/td>\n<\/tr>\n<tr style=\"height: 11px;\">\n<td style=\"width: 117px; height: 11px; text-align: right; vertical-align: top;\" scope=\"col\">godz. 17.00<\/td>\n<td style=\"width: 651.867px; height: 11px;\">\n<p class=\"western\" align=\"justify\"><b>Koncert jubileuszowy z udzia\u0142em ch\u00f3ru \u017ce\u0144skiego i ch\u00f3ru mieszanego POSM II st.<br \/>\n<\/b><b>oraz M\u0142odzie\u017cowej Orkiestry Symfonicznej im. Karola Szymanowskiego<br \/>\n<\/b><i>Sala Koncertowa<\/i><i><b> <\/b><\/i><i>ZPSM im. W. Kilara w Katowicach, ul. U\u0142a\u0144ska 7b<\/i><\/p>\n<\/td>\n<\/tr>\n<tr style=\"height: 11px;\">\n<td style=\"width: 117px; height: 11px; text-align: right; vertical-align: top;\">godz. 20.00<\/td>\n<td style=\"width: 651.867px; height: 11px;\">\n<p class=\"western\" align=\"justify\"><b>Zjazd absolwent\u00f3w, pracownik\u00f3w i przyjaci\u00f3\u0142 Liceum Muzycznego.<br \/>\nKolacja i zabawa przy <\/b><b>muzyce dla wszystkich pokole\u0144.<br \/>\n<\/b><i>Foyer NOSPR w Katowicach, pl. Wojciecha Kilara 1<\/i><\/p>\n<\/td>\n<\/tr>\n<tr style=\"height: 11px;\">\n<td style=\"width: 768.867px; height: 11px;\" colspan=\"2\">\n<p class=\"western\" align=\"justify\">Wszystkich, kt\u00f3rzy chc\u0105 wzi\u0105\u0107 udzia\u0142 w zje\u017adzie o godz. 20.00 prosimy o wype\u0142nienie i przes\u0142anie drog\u0105 elektroniczn\u0105 lub poczt\u0105 tradycyjn\u0105 formularza zg\u0142oszeniowego, kt\u00f3ry mo\u017cna pobra\u0107 ze stron internetowych <span style=\"color: #0000ff;\">www.zpsm.edu.pl<\/span> lub <span style=\"color: #0000ff;\">www.stowplm.pl<\/span>. W obu przypadkach znajduje si\u0119 on w zak\u0142adce: <span style=\"color: #0000ea;\">JUBILEUSZ<\/span><span style=\"color: #000000;\">. <\/span>Formularz mo\u017cna r\u00f3wnie\u017c wype\u0142ni\u0107 i z\u0142o\u017cy\u0107 na miejscu, w sekretariacie szko\u0142y.<\/p>\n<p class=\"western\" style=\"padding-left: 30px;\" align=\"justify\">Adres pocztowy:<br \/>\nZesp\u00f3\u0142 Pa\u0144stwowych Szk\u00f3\u0142 Muzycznych im. W. Kilara w Katowicach,<br \/>\n<em>ul. U\u0142a\u0144ska 7b, 40-887 Katowice<\/em><\/p>\n<p class=\"western\" style=\"padding-left: 30px;\" align=\"justify\">Adres poczty elektronicznej: <span style=\"color: #0000ff;\"><u><a class=\"western\" href=\"mailto:aleks1975@wp.pl\"><b>aleks1975@wp.pl<\/b><\/a><\/u><\/span><\/p>\n<p class=\"western\" align=\"justify\">Bardzo prosimy o dotrzymanie terminu przyjmowania zg\u0142osze\u0144, kt\u00f3ry up\u0142ywa <b>20.12.2017 r.<br \/>\n<\/b>Informujemy, \u017ce dla wszystkich ch\u0119tnych po koncercie jubileuszowym b\u0119dzie zorganizowany transport autokarami ze szko\u0142y do siedziby NOSPR.<\/p>\n<p class=\"western\" align=\"justify\">Koszt udzia\u0142u w Zje\u017adzie: 150 z\u0142 od osoby, obejmuje uroczyst\u0105 kolacj\u0119 i zabaw\u0119 przy muzyce.<\/p>\n<p class=\"western\" align=\"justify\">Jednocze\u015bnie informujemy, \u017ce cz\u0119\u015b\u0107 \u015brodk\u00f3w finansowych uzyskanych w ten spos\u00f3b zostanie przeznaczona na dzia\u0142alno\u015b\u0107 Stowarzyszenia Absolwent\u00f3w i Sympatyk\u00f3w Liceum Muzycznego w\u00a0Katowicach, kt\u00f3rego zadaniem jest wspomaganie rozwoju artystycznie uzdolnionej m\u0142odzie\u017cy.<\/p>\n<p class=\"western\" align=\"justify\">Szczeg\u00f3\u0142owych informacji udzielaj\u0105:<\/p>\n<p class=\"western\" style=\"padding-left: 30px;\" align=\"justify\"><b>Aleksandra \u017bem\u0142a, tel.: 322 50 63 71 wew. 123<br \/>\nMa\u0142gorzata Komorowska, tel.: 608-867-005<\/b><\/p>\n<p class=\"western\" align=\"justify\">W przypadku korespondencji prosimy o kontakt drog\u0105 elektroniczn\u0105 na adresy:<\/p>\n<p class=\"western\" style=\"padding-left: 30px;\" align=\"justify\"><span style=\"color: #0000ff;\"><u><b><\/b><\/u><a class=\"western\" href=\"mailto:stowarzyszenie.emiko%C5%82ajczyk@gmail.com\"><b>stowarzyszenie.emikolajczyk@gmail.com<\/b><\/a><a class=\"western\" href=\"mailto:stowarzyszenie.emiko%C5%82ajczyk@gmail.com\"><b><br \/>\n<\/b><\/a><\/span><span style=\"color: #0000ff;\"><a class=\"western\" href=\"mailto:zemla.aleksandra@gmail.com\"><b>zemla.aleksandra@gmail.com<br \/>\n<\/b><\/a><\/span><span style=\"color: #0000ff;\"><a class=\"western\" href=\"mailto:komorki.mo@op.pl\"><b>komorki.mo@op.pl<br \/>\n<\/b><\/a><\/span><span style=\"color: #0000ff;\"><a class=\"western\" href=\"mailto:aleks1975@wp.pl\"><b>aleks1975@wp.pl<\/b><\/a><\/span><\/p>\n<\/td>\n<\/tr>\n<\/tbody>\n<\/table>\n<p style=\"text-align: center;\"><!--more--><\/p>\n<p style=\"text-align: center;\">\n<p style=\"text-align: center;\">\n","protected":false},"excerpt":{"rendered":"<p>Pa\u0144stwowa Og\u00f3lnokszta\u0142c\u0105ca Szko\u0142a Muzyczna II stopnia im. Karola Szymanowskiego w Katowicach Dyrektor, Rada Pedagogiczna oraz Stowarzyszenie Absolwent\u00f3w i Sympatyk\u00f3w Liceum Muzycznego w\u00a0Katowicach wraz z ca\u0142\u0105 spo\u0142eczno\u015bci\u0105 szkoln\u0105 serdecznie zapraszaj\u0105 na uroczysto\u015bci odbywaj\u0105ce si\u0119 w\u00a0sobot\u0119, 20\u00a0stycznia 2018 r., w\u00a0kt\u00f3rym to dniu obchodzi\u0107 b\u0119dziemy Jubileusz 80-lecia Naszej Szko\u0142y. Program obchod\u00f3w: godz. 14.00 Nabo\u017ce\u0144stwo z po\u015bwi\u0119ceniem nowego sztandaru &hellip; <\/p>\n<p class=\"link-more\"><a href=\"http:\/\/stowplm.pl\/?page_id=373\" class=\"more-link\">Czytaj dalej<span class=\"screen-reader-text\"> \u201eJUBILEUSZ 80-lecia\u201d<\/span><\/a><\/p>\n","protected":false},"author":1,"featured_media":0,"parent":88,"menu_order":0,"comment_status":"closed","ping_status":"closed","template":"","meta":{"footnotes":""},"class_list":["post-373","page","type-page","status-publish","hentry"],"_links":{"self":[{"href":"http:\/\/stowplm.pl\/index.php?rest_route=\/wp\/v2\/pages\/373","targetHints":{"allow":["GET"]}}],"collection":[{"href":"http:\/\/stowplm.pl\/index.php?rest_route=\/wp\/v2\/pages"}],"about":[{"href":"http:\/\/stowplm.pl\/index.php?rest_route=\/wp\/v2\/types\/page"}],"author":[{"embeddable":true,"href":"http:\/\/stowplm.pl\/index.php?rest_route=\/wp\/v2\/users\/1"}],"replies":[{"embeddable":true,"href":"http:\/\/stowplm.pl\/index.php?rest_route=%2Fwp%2Fv2%2Fcomments&post=373"}],"version-history":[{"count":18,"href":"http:\/\/stowplm.pl\/index.php?rest_route=\/wp\/v2\/pages\/373\/revisions"}],"predecessor-version":[{"id":548,"href":"http:\/\/stowplm.pl\/index.php?rest_route=\/wp\/v2\/pages\/373\/revisions\/548"}],"up":[{"embeddable":true,"href":"http:\/\/stowplm.pl\/index.php?rest_route=\/wp\/v2\/pages\/88"}],"wp:attachment":[{"href":"http:\/\/stowplm.pl\/index.php?rest_route=%2Fwp%2Fv2%2Fmedia&parent=373"}],"curies":[{"name":"wp","href":"https:\/\/api.w.org\/{rel}","templated":true}]}}