{"id":34,"date":"2013-06-09T02:15:18","date_gmt":"2013-06-09T00:15:18","guid":{"rendered":"http:\/\/stowplm.pl\/?page_id=34"},"modified":"2025-03-19T10:15:49","modified_gmt":"2025-03-19T09:15:49","slug":"statut","status":"publish","type":"page","link":"http:\/\/stowplm.pl\/?page_id=34","title":{"rendered":"STATUT"},"content":{"rendered":"<p><strong><em>Stowarzyszenia Przyjaci\u00f3\u0142 ZPSM im. W. Kilara w Katowicach<\/em><\/strong><\/p>\n<p>I Postanowienia Og\u00f3lne<\/p>\n<ul>\n<li>1<\/li>\n<\/ul>\n<ol>\n<li>Stowarzyszenie Przyjaci\u00f3\u0142 ZPSM im. W. Kilara w Katowicach, zwane dalej \u201eStowarzyszeniem\u201d jest samorz\u0105dn\u0105 organizacj\u0105 spo\u0142eczn\u0105 o charakterze integruj\u0105cym absolwent\u00f3w i sympatyk\u00f3w Podstawowej Szko\u0142y Muzycznej i Liceum Muzycznego w Katowicach oraz promuj\u0105cym i wspomagaj\u0105cym dzia\u0142alno\u015b\u0107 w\/w szk\u00f3\u0142 w zakresie jej dzia\u0142alno\u015bci statutowej.<\/li>\n<li>Pod poj\u0119ciem Podstawowej Szko\u0142y Muzycznej rozumie si\u0119 Pa\u0144stwow\u0105 Og\u00f3lnokszta\u0142c\u0105c\u0105 Szko\u0142\u0119 Muzyczn\u0105 I stopnia im. St. Moniuszki w Katowicach wyst\u0119puj\u0105c\u0105 w przesz\u0142o\u015bci r\u00f3wnie\u017c pod innym nazwami.<\/li>\n<li>Pod poj\u0119ciem Liceum Muzycznego rozumie si\u0119 r\u00f3wnie\u017c Pa\u0144stwow\u0105 Og\u00f3lnokszta\u0142c\u0105c\u0105 Szko\u0142\u0119 Muzyczn\u0105 II stopnia im. K. Szymanowskiego w Katowicach wyst\u0119puj\u0105c\u0105 w przesz\u0142o\u015bci r\u00f3wnie\u017c pod innym nazwami.<\/li>\n<li>Stowarzyszenie dzia\u0142a na podstawie ustawy z dnia 7 kwietnia 1989 r. Prawo o Stowarzyszeniach (Dz. U. z 2001 r. nr 79, poz. 855 z p\u00f3\u017a, zm.) oraz niniejszego statutu.<\/li>\n<\/ol>\n<ul>\n<li>2<\/li>\n<\/ul>\n<p>Stowarzyszenie jest zarejestrowane i posiada osobowo\u015b\u0107 prawn\u0105.<\/p>\n<ul>\n<li>3<\/li>\n<\/ul>\n<ol>\n<li>Terenem dzia\u0142ania Stowarzyszenia jest obszar Rzeczpospolitej Polskiej. Dla w\u0142a\u015bciwej realizacji swoich cel\u00f3w Stowarzyszenie mo\u017ce prowadzi\u0107 dzia\u0142alno\u015b\u0107 tak\u017ce poza granicami Rzeczpospolitej.<\/li>\n<li>Siedzib\u0105 Stowarzyszenia jest miasto Katowice.<\/li>\n<\/ol>\n<ul>\n<li>4<\/li>\n<\/ul>\n<p>Stowarzyszenie mo\u017ce u\u017cywa\u0107 piecz\u0119ci i oznacze\u0144 zgodnie z obowi\u0105zuj\u0105cymi w tym zakresie przepisami. Znaki te s\u0105 prawnie zastrze\u017cone.<\/p>\n<ul>\n<li>5<\/li>\n<\/ul>\n<ol>\n<li>Stowarzyszenie opiera swoj\u0105 dzia\u0142alno\u015b\u0107 na pracy spo\u0142ecznej cz\u0142onk\u00f3w.<\/li>\n<li>Do prowadzenia swoich spraw Stowarzyszenie mo\u017ce zatrudnia\u0107 pracownik\u00f3w.<\/li>\n<\/ol>\n<p>II Cele i \u015brodki dzia\u0142ania<\/p>\n<ul>\n<li>6<\/li>\n<\/ul>\n<p>Celem Stowarzyszenia jest:<\/p>\n<ol>\n<li>Integracja absolwent\u00f3w i sympatyk\u00f3w Podstawowej Szko\u0142y Muzycznej w Katowicach.<\/li>\n<li>Integracja absolwent\u00f3w i sympatyk\u00f3w Liceum Muzycznego w Katowicach.<\/li>\n<li>Wspieranie dzia\u0142alno\u015bci w\/w szk\u00f3\u0142 w zakresie ich dzia\u0142a\u0144 statutowych.<\/li>\n<li>Propagowanie kultury i sztuki.<\/li>\n<li>Promocja szk\u00f3\u0142 w kraju i zagranic\u0105.<\/li>\n<li>Prowadzenie dzia\u0142alno\u015bci kulturalnej na rzecz \u015brodowiska lokalnego w zakresie rozwoju \u015bwiadomo\u015bci narodowej i kulturowej.<\/li>\n<li>Pomoc uzdolnionym uczniom i absolwentom obu szk\u00f3\u0142.<\/li>\n<\/ol>\n<ul>\n<li>7<\/li>\n<\/ul>\n<p>Stowarzyszenie realizuje swoje cele przez:<\/p>\n<ol>\n<li>Organizowanie spotka\u0144 dla cz\u0142onk\u00f3w Stowarzyszenia.<\/li>\n<li>Wsp\u00f3\u0142organizowanie koncert\u00f3w i imprez szkolnych z udzia\u0142em uczni\u00f3w, pedagog\u00f3w, cz\u0142onk\u00f3w spo\u0142eczno\u015bci lokalnej oraz cz\u0142onk\u00f3w Stowarzyszenia<\/li>\n<li>Promocj\u0119 osi\u0105gni\u0119\u0107 obu szk\u00f3\u0142 w \u015brodkach masowego przekazu<\/li>\n<li>Propagowanie wiedzy o muzyce w \u015brodowisku lokalnym i \u015brodkach masowego przekazu.<\/li>\n<li>Wsp\u00f3\u0142prace z organizacjami politycznymi i spo\u0142ecznymi, samorz\u0105dem lokalnym w ramach dzia\u0142alno\u015bci statutowej stowarzyszenia<\/li>\n<li>Nawi\u0105zywanie wsp\u00f3\u0142pracy z innymi o\u015brodkami kszta\u0142c\u0105cymi muzyk\u00f3w w Polsce i zagranic\u0105.<\/li>\n<li>Wspieranie os\u00f3b uzdolnionych muzycznie \u2013 poprzez pomoc organizacyjn\u0105 i finansow\u0105.<\/li>\n<li>Dzia\u0142ania zwi\u0105zane ze wsp\u00f3\u0142prac\u0105 z Zespo\u0142em Pa\u0144stwowych Szk\u00f3\u0142 Muzycznych im. Wojciecha Kilara w Katowicach wspieraj\u0105ce jego dzia\u0142alno\u015b\u0107 statutow\u0105.<\/li>\n<li>Organizowanie spotka\u0144 i wyjazd\u00f3w dla cz\u0142onk\u00f3w oraz sympatyk\u00f3w Stowarzyszenia<\/li>\n<\/ol>\n<ul>\n<li>7`<\/li>\n<\/ul>\n<p>Stowarzyszenie prowadzi odp\u0142atn\u0105 dzia\u0142alno\u015b\u0107 po\u017cytku publicznego. Uzyskiwany przez Stowarzyszenie doch\u00f3d z odp\u0142atnej dzia\u0142alno\u015bci po\u017cytku publicznego s\u0142u\u017cy wy\u0142\u0105cznie realizacji cel\u00f3w statutowych i nie mo\u017ce by\u0107 przeznaczony do podzia\u0142u mi\u0119dzy cz\u0142onk\u00f3w Stowarzyszenia<\/p>\n<p>III Cz\u0142onkowie \u2013 ich prawa i obowi\u0105zki<\/p>\n<ul>\n<li>8<\/li>\n<\/ul>\n<p>Cz\u0142onkowie Stowarzyszenia dziel\u0105 si\u0119 na:<\/p>\n<ol>\n<li>zwyczajnych,<\/li>\n<li>wspieraj\u0105cych<\/li>\n<li>honorowych<\/li>\n<\/ol>\n<ul>\n<li>9<\/li>\n<\/ul>\n<ol>\n<li>Cz\u0142onkiem zwyczajnym Stowarzyszenia mog\u0105 by\u0107:<\/li>\n<\/ol>\n<ol>\n<li>absolwenci Podstawowej Szko\u0142y Muzycznej i Liceum Muzycznego oraz<\/li>\n<li>ka\u017cda osoba akceptuj\u0105ca cele Stowarzyszenia.<\/li>\n<\/ol>\n<ol start=\"2\">\n<li>Cz\u0142onk\u00f3w zwyczajnych przyjmuje Zarz\u0105d, w drodze uchwa\u0142y, na podstawie pisemnej deklaracji kandydata.<\/li>\n<li>Cz\u0142onkami zwyczajnymi Stowarzyszenia mog\u0105 by\u0107 tak\u017ce cudzoziemcy nie maj\u0105cy miejsca zamieszkania na terytorium Rzeczypospolitej, spe\u0142niaj\u0105cy warunki, o kt\u00f3rych mowa w ust.1.<\/li>\n<\/ol>\n<ul>\n<li>10<\/li>\n<\/ul>\n<p>Cz\u0142onek zwyczajny ma prawo do:<\/p>\n<ol>\n<li>czynnego i biernego prawa wyborczego do w\u0142adz Stowarzyszenia na zasadach okre\u015blonych dalszymi postanowieniami statutu,<\/li>\n<li>zg\u0142aszania wniosk\u00f3w i propozycji oraz wypowiadania opinii w sprawie dzia\u0142alno\u015bci Stowarzyszenia,<\/li>\n<li>uczestniczenia w zebraniach, konferencjach i innych imprezach organizowanych przez Stowarzyszenie,<\/li>\n<li>korzystania z pomocy Stowarzyszenia.<\/li>\n<\/ol>\n<ul>\n<li>11<\/li>\n<\/ul>\n<p>Do obowi\u0105zk\u00f3w cz\u0142onka zwyczajnego nale\u017cy:<\/p>\n<ol>\n<li>przestrzeganie postanowie\u0144 statutu, regulamin\u00f3w i uchwa\u0142 Stowarzyszenia,<\/li>\n<li>aktywny udzia\u0142u w realizacji cel\u00f3w Stowarzyszenia oraz dbania o jego rozw\u00f3j,<\/li>\n<li>wywi\u0105zywanie si\u0119 z podj\u0119tych w Stowarzyszeniu obowi\u0105zk\u00f3w,<\/li>\n<li>regularne op\u0142acanie sk\u0142adek cz\u0142onkowskich<\/li>\n<\/ol>\n<ul>\n<li>12<\/li>\n<\/ul>\n<p>Cz\u0142onkiem wspieraj\u0105cym Stowarzyszenie mo\u017ce zosta\u0107 osoba fizyczna lub prawna zainteresowana merytoryczn\u0105 dzia\u0142alno\u015bci\u0105 Stowarzyszenia, kt\u00f3ra zadeklaruje pomoc finansow\u0105 lub rzeczow\u0105 i zostanie przyj\u0119ta przez Zarz\u0105d na podstawie pisemnej deklaracji. Cz\u0142onek wspieraj\u0105cy posiada prawa okre\u015blone w \u00a7 10 ust. 2 do 4 oraz prawo uczestniczenia w Walnym Zebraniu z g\u0142osem doradczym. Cz\u0142onek wspieraj\u0105cy \u2013 osoba prawna dzia\u0142a w Stowarzyszeniu za po\u015brednictwem swojego przedstawiciela.<\/p>\n<ul>\n<li>13<\/li>\n<\/ul>\n<p>Cz\u0142onkiem honorowym mo\u017ce zosta\u0107 osoba fizyczna szczeg\u00f3lnie zas\u0142u\u017cona dla realizacji cel\u00f3w statutowych Stowarzyszenia. Cz\u0142onkostwo honorowe nadaje Walne Zebranie na wniosek Zarz\u0105du. Cz\u0142onek honorowy posiada wszelkie prawa cz\u0142onka zwyczajnego, a ponadto jest zwolniony z obowi\u0105zku p\u0142acenia sk\u0142adek cz\u0142onkowskich.<\/p>\n<ul>\n<li>14<\/li>\n<\/ul>\n<ol>\n<li>Cz\u0142onkostwo w Stowarzyszeniu ustaje na skutek:<\/li>\n<\/ol>\n<p>1) dobrowolnego zg\u0142oszenia w formie pisemnej zarz\u0105dowi o\u015bwiadczenia o wyst\u0105pienia ze Stowarzyszenia,<\/p>\n<p>2) skre\u015blenia przez zarz\u0105d na skutek nie op\u0142acania sk\u0142adek cz\u0142onkowskich przez okres jednego roku,<\/p>\n<p>3) wykluczenia uchwa\u0142\u0105 Zarz\u0105du,<\/p>\n<p>4) skazania prawomocnym wyrokiem s\u0105du na kar\u0119 pozbawienia praw publicznych.<\/p>\n<p>5) utraty osobowo\u015bci prawnej przez cz\u0142onka wspieraj\u0105cego \u2013 osob\u0119 prawn\u0105.<\/p>\n<ol start=\"2\">\n<li>Osoby ubiegaj\u0105ce si\u0119 o ponowne przyj\u0119cie do Stowarzyszenia mog\u0105 zosta\u0107 cz\u0142onkami zwyczajnymi nie wcze\u015bniej ni\u017c po up\u0142ywie roku od daty ustania b\u0105d\u017a pozbawienia cz\u0142onkostwa.<\/li>\n<li>Od uchwa\u0142 w przedmiocie skre\u015blenia lub wykluczenia przys\u0142uguje odwo\u0142anie w terminie 30 dni od powzi\u0119cia w\/w postanowienia do Walnego Zebrania, kt\u00f3rego uchwa\u0142a jest ostateczna.<\/li>\n<\/ol>\n<p>IV W\u0142adze Stowarzyszenia<\/p>\n<ul>\n<li>15<\/li>\n<\/ul>\n<ol>\n<li>W\u0142adzami Stowarzyszenia s\u0105:<\/li>\n<\/ol>\n<ol>\n<li>Walne zebranie<\/li>\n<li>Zarz\u0105d<\/li>\n<li>Komisja Rewizyjna<\/li>\n<\/ol>\n<ol start=\"2\">\n<li>Kadencja w\u0142adz trwa 4 lata, a ich wyb\u00f3r odbywa si\u0119 w g\u0142osowaniu tajnym lub jawnym, w zale\u017cno\u015bci od uchwa\u0142y Walnego Zebrania w tym przedmiocie. Uchwa\u0142y w\u0142adz zapadaj\u0105 zwyk\u0142\u0105 wi\u0119kszo\u015bci\u0105 g\u0142os\u00f3w przy obecno\u015bci, co najmniej po\u0142owy cz\u0142onk\u00f3w uprawnionych do g\u0142osowania, w g\u0142osowaniu jawnym, b\u0105d\u017a tajnym, je\u017celi Walne Zebranie podejmie uchwa\u0142\u0119 w tym przedmiocie. W przypadku ust\u0105pienia w czasie trwania kadencji cz\u0142onk\u00f3w Zarz\u0105du lub Komisji Rewizyjnej, w\u0142adzom tym przys\u0142uguje prawo kooptacji spo\u015br\u00f3d pozosta\u0142ych kandydat\u00f3w do w\u0142adz, kt\u00f3rzy otrzymali najwi\u0119ksz\u0105 liczb\u0119 g\u0142os\u00f3w podczas wybor\u00f3w w\u0142adz, z tym, \u017ce liczba os\u00f3b dokooptowanych nie mo\u017ce przekracza\u0107 1\/3 liczby cz\u0142onk\u00f3w pochodz\u0105cych z wybor\u00f3w.<\/li>\n<\/ol>\n<ul>\n<li>16<\/li>\n<\/ul>\n<p>Najwy\u017csz\u0105 w\u0142adz\u0105 Stowarzyszenia jest Walne Zebranie, kt\u00f3re mo\u017ce by\u0107 zwyczajne lub nadzwyczajne.<\/p>\n<ul>\n<li>17<\/li>\n<\/ul>\n<ol>\n<li>Zwyczajne Walne Zebranie jest zwo\u0142ywane przez Zarz\u0105d raz w roku, jako sprawozdawcze i co cztery lata jako sprawozdawczo \u2013 wyborcze.<\/li>\n<li>Cz\u0142onk\u00f3w zawiadamia si\u0119 pisemnie o terminie, miejscu i proponowanym porz\u0105dku obrad, co najmniej na 14 dni przed terminem Walnego Zebrania.<\/li>\n<li>Uchwa\u0142y Walnego Zebrania zapadaj\u0105 zwyk\u0142\u0105 wi\u0119kszo\u015bci\u0105 g\u0142os\u00f3w, przy obecno\u015bci, co najmniej po\u0142owy cz\u0142onk\u00f3w uprawnionych do g\u0142osowania, w pierwszym terminie, bez wzgl\u0119du na liczb\u0119 obecnych w drugim terminie. Zar\u00f3wno w pierwszym, jak i\u00a0drugim terminie powiadamia si\u0119 pisemnie ka\u017cdego cz\u0142onka Stowarzyszenia.<\/li>\n<li>Do kompetencji Walnego Zebrania nale\u017cy:<\/li>\n<\/ol>\n<ol>\n<li>Uchwalanie g\u0142\u00f3wnych kierunk\u00f3w dzia\u0142alno\u015bci merytorycznej i finansowej Stowarzyszenia,<\/li>\n<li>podejmowanie uchwa\u0142y w przedmiocie absolutorium dla ust\u0119puj\u0105cego Zarz\u0105du na wniosek Komisji Rewizyjnej.<\/li>\n<li>Wyb\u00f3r prezesa i cz\u0142onk\u00f3w Zarz\u0105du oraz cz\u0142onk\u00f3w Komisji Rewizyjnej,<\/li>\n<li>Ustalenie wysoko\u015bci sk\u0142adek cz\u0142onkowskich,<\/li>\n<li>Nadawanie godno\u015bci cz\u0142onka honorowego,<\/li>\n<li>Podejmowanie uchwa\u0142 w prawach zmian statutu lub rozwi\u0105zania si\u0119 Stowarzyszenia,<\/li>\n<li>Rozpatrywanie odwo\u0142a\u0144 od uchwa\u0142 Zarz\u0105du,<\/li>\n<li>Uchwalanie regulamin\u00f3w wewn\u0119trznych,<\/li>\n<li>Rozpatrywanie spraw nie nale\u017c\u0105cych do kompetencji w\u0142adz Stowarzyszenia.<\/li>\n<\/ol>\n<ul>\n<li>18<\/li>\n<\/ul>\n<ol>\n<li>Nadzwyczajne Walne Zebranie zwo\u0142uje Zarz\u0105d:<\/li>\n<\/ol>\n<ol>\n<li>z w\u0142asnej inicjatywy,<\/li>\n<li>na \u017c\u0105danie Komisji Rewizyjnej,<\/li>\n<li>na pisemny wniosek co najmniej 1\/3 cz\u0142onk\u00f3w zwyczajnych Stowarzyszenia.<\/li>\n<\/ol>\n<ol start=\"2\">\n<li>Nadzwyczajne Walne Zebranie powinno by\u0107 zwo\u0142ane w terminie 1 miesi\u0105ca od daty zg\u0142oszenia wniosku lub \u017c\u0105dania i obradowa\u0107 na sprawami, dla kt\u00f3rych zosta\u0142o zwo\u0142ane.<\/li>\n<\/ol>\n<ul>\n<li>19<\/li>\n<\/ul>\n<p>Zarz\u0105d jest najwy\u017csz\u0105 w\u0142adz\u0105 Stowarzyszenia w okresie pomi\u0119dzy Walnymi Zebraniami. Zarz\u0105d sk\u0142ada si\u0119 z prezesa, wiceprezesa i trzech cz\u0142onk\u00f3w, spo\u015br\u00f3d kt\u00f3rych wybiera si\u0119 sekretarza i skarbnika. Posiedzenia Zarz\u0105du zwo\u0142ywane s\u0105 przez prezesa w miar\u0119 potrzeby.<\/p>\n<ul>\n<li>20<\/li>\n<\/ul>\n<p>Do kompetencji Zarz\u0105du nale\u017cy:<\/p>\n<ol>\n<li>Reprezentacja i prowadzenie spraw Stowarzyszenia;<br \/>2. Dysponowanie maj\u0105tkiem Stowarzyszenia w ramach uprawnie\u0144 przyznanych przez Walne Zebranie,<br \/>3. Realizowanie uchwa\u0142 Walnego Zebrania,<br \/>4. Sporz\u0105dzanie sprawozda\u0144 z dzia\u0142alno\u015bci;<br \/>5. Zwo\u0142ywanie Walnych Zebra\u0144,<br \/>6. Uchwalanie plan\u00f3w dzia\u0142alno\u015bci Stowarzyszenia,<br \/>7. Przyjmowanie, skre\u015blanie i wykluczanie cz\u0142onk\u00f3w zwyczajnych i wspieraj\u0105cych,<br \/>8. Rozpatrywanie spor\u00f3w mi\u0119dzy cz\u0142onkami Stowarzyszenia na tle dzia\u0142alno\u015bci Stowarzyszenia.<\/li>\n<\/ol>\n<ul>\n<li>21<\/li>\n<\/ul>\n<p>Komisja Rewizyjna sk\u0142ada si\u0119 z trzech cz\u0142onk\u00f3w, spo\u015br\u00f3d kt\u00f3rych wybiera przewodnicz\u0105cego. Do kompetencji Komisji Rewizyjnej nale\u017cy:<\/p>\n<ol>\n<li>Kontrolowanie, co najmniej raz w roku ca\u0142okszta\u0142tu dzia\u0142alno\u015bci Stowarzyszenia,<\/li>\n<li>Wyst\u0119powanie do Zarz\u0105du z wnioskami wynikaj\u0105cymi z ustale\u0144 kontroli i prawo \u017c\u0105dania wyja\u015bnie\u0144,<\/li>\n<li>Wnioskowanie i zwo\u0142anie nadzwyczajnego Walnego Zebrania,<\/li>\n<li>Sk\u0142adanie Walnemu zebraniu sprawozda\u0144 ze swojej dzia\u0142alno\u015bci oraz wyst\u0119powanie z wnioskiem w przedmiocie absolutorium dla ust\u0119puj\u0105cego Zarz\u0105du.<\/li>\n<\/ol>\n<p>Cz\u0142onkowie Komisji Rewizyjnej mog\u0105 bra\u0107 udzia\u0142 w posiedzeniach Zarz\u0105du z g\u0142osem doradczym.<\/p>\n<p>V Maj\u0105tek i Fundusze Stowarzyszenia<\/p>\n<ul>\n<li>22<\/li>\n<\/ul>\n<p>Maj\u0105tek Stowarzyszenia stanowi\u0105: nieruchomo\u015bci, ruchomo\u015bci i fundusze.<\/p>\n<ul>\n<li>23<\/li>\n<\/ul>\n<p>Na fundusze Stowarzyszenia sk\u0142adaj\u0105 si\u0119:<\/p>\n<ol>\n<li>wp\u0142ywy ze sk\u0142adek cz\u0142onkowskich,<\/li>\n<li>dotacje, darowizny, spadki i\u00a0 zapisy,<\/li>\n<li>wp\u0142ywy z dzia\u0142alno\u015bci statutowej (w tym gospodarczej)<\/li>\n<li>dochody z ofiarno\u015bci publicznej,<\/li>\n<li>odsetki, dochody z kapita\u0142u.<\/li>\n<\/ol>\n<ul>\n<li>24<\/li>\n<\/ul>\n<p>O\u015bwiadczenia i akty prawne, zobowi\u0105zania finansowe i maj\u0105tkowe podpisuj\u0105 \u0142\u0105cznie w imieniu Stowarzyszenia prezes b\u0105d\u017a wiceprezes Zarz\u0105du wraz z jednym z Cz\u0142onk\u00f3w Zarz\u0105du.<\/p>\n<p>VI\u00a0 Zmiana Statutu i rozwi\u0105zanie Stowarzyszenia<\/p>\n<ul>\n<li>25<\/li>\n<\/ul>\n<p>Uchwa\u0142\u0119 w sprawie zmiany statutu lub rozwi\u0105zania Stowarzyszenia podejmuje Walne Zebranie wi\u0119kszo\u015bci\u0105 2\/3 g\u0142os\u00f3w w obecno\u015bci, co najmniej po\u0142owy uprawnionych do g\u0142osowania cz\u0142onk\u00f3w \u2013 w pierwszym terminie, w drugim terminie bez wzgl\u0119du na liczb\u0119 obecnych.<\/p>\n<ul>\n<li>26<\/li>\n<\/ul>\n<p>W przypadku rozwi\u0105zania si\u0119 Stowarzyszenia Walne zebranie powo\u0142uje Komisj\u0119 Likwidacyjn\u0105, kt\u00f3ra przeprowadzi likwidacj\u0119 Stowarzyszenia.<\/p>\n<ul>\n<li>27<\/li>\n<\/ul>\n<p>Uchwa\u0142a o rozwi\u0105zaniu Stowarzyszenia okre\u015bla spos\u00f3b jego likwidacji oraz cel, na jaki ma by\u0107 przeznaczony maj\u0105tek<\/p>\n<p>\u00a0<\/p>\n<div id=\"s3gt_translate_tooltip_mini\" class=\"s3gt_translate_tooltip_mini_box\" style=\"background: initial !important; border: initial !important; border-radius: initial !important; border-spacing: initial !important; border-collapse: initial !important; direction: ltr !important; flex-direction: initial !important; font-weight: initial !important; height: initial !important; letter-spacing: initial !important; min-width: initial !important; max-width: initial !important; min-height: initial !important; max-height: initial !important; margin: auto !important; outline: initial !important; padding: initial !important; position: absolute; table-layout: initial !important; text-align: initial !important; text-shadow: initial !important; width: initial !important; word-break: initial !important; word-spacing: initial !important; overflow-wrap: initial !important; box-sizing: initial !important; display: initial !important; color: inherit !important; font-size: 13px !important; font-family: X-LocaleSpecific, sans-serif, Tahoma, Helvetica !important; line-height: 13px !important; vertical-align: top !important; white-space: inherit !important; left: 18px; top: 185px; opacity: 0.65;\">\n<div id=\"s3gt_translate_tooltip_mini_logo\" class=\"s3gt_translate_tooltip_mini\" style=\"text-align: justify;\" title=\"T\u0142umacz zaznaczony tekst\">\u00a0<\/div>\n<div id=\"s3gt_translate_tooltip_mini_sound\" class=\"s3gt_translate_tooltip_mini\" style=\"text-align: justify;\" title=\"Odtw\u00f3rz\">\u00a0<\/div>\n<div id=\"s3gt_translate_tooltip_mini_copy\" class=\"s3gt_translate_tooltip_mini\" style=\"text-align: justify;\" title=\"Kopiuj tekst do schowka\">\u00a0<\/div>\n<\/div>\n\n","protected":false},"excerpt":{"rendered":"<p>Stowarzyszenia Przyjaci\u00f3\u0142 ZPSM im. W. Kilara w Katowicach I Postanowienia Og\u00f3lne 1 Stowarzyszenie Przyjaci\u00f3\u0142 ZPSM im. W. Kilara w Katowicach, zwane dalej \u201eStowarzyszeniem\u201d jest samorz\u0105dn\u0105 organizacj\u0105 spo\u0142eczn\u0105 o charakterze integruj\u0105cym absolwent\u00f3w i sympatyk\u00f3w Podstawowej Szko\u0142y Muzycznej i Liceum Muzycznego w Katowicach oraz promuj\u0105cym i wspomagaj\u0105cym dzia\u0142alno\u015b\u0107 w\/w szk\u00f3\u0142 w zakresie jej dzia\u0142alno\u015bci statutowej. Pod poj\u0119ciem &hellip; <\/p>\n<p class=\"link-more\"><a href=\"http:\/\/stowplm.pl\/?page_id=34\" class=\"more-link\">Czytaj dalej<span class=\"screen-reader-text\"> \u201eSTATUT\u201d<\/span><\/a><\/p>\n","protected":false},"author":1,"featured_media":0,"parent":0,"menu_order":1,"comment_status":"closed","ping_status":"closed","template":"","meta":{"footnotes":""},"class_list":["post-34","page","type-page","status-publish","hentry"],"_links":{"self":[{"href":"http:\/\/stowplm.pl\/index.php?rest_route=\/wp\/v2\/pages\/34","targetHints":{"allow":["GET"]}}],"collection":[{"href":"http:\/\/stowplm.pl\/index.php?rest_route=\/wp\/v2\/pages"}],"about":[{"href":"http:\/\/stowplm.pl\/index.php?rest_route=\/wp\/v2\/types\/page"}],"author":[{"embeddable":true,"href":"http:\/\/stowplm.pl\/index.php?rest_route=\/wp\/v2\/users\/1"}],"replies":[{"embeddable":true,"href":"http:\/\/stowplm.pl\/index.php?rest_route=%2Fwp%2Fv2%2Fcomments&post=34"}],"version-history":[{"count":43,"href":"http:\/\/stowplm.pl\/index.php?rest_route=\/wp\/v2\/pages\/34\/revisions"}],"predecessor-version":[{"id":777,"href":"http:\/\/stowplm.pl\/index.php?rest_route=\/wp\/v2\/pages\/34\/revisions\/777"}],"wp:attachment":[{"href":"http:\/\/stowplm.pl\/index.php?rest_route=%2Fwp%2Fv2%2Fmedia&parent=34"}],"curies":[{"name":"wp","href":"https:\/\/api.w.org\/{rel}","templated":true}]}}